{"id":16,"date":"2020-01-15T11:51:13","date_gmt":"2020-01-15T11:51:13","guid":{"rendered":"http:\/\/www.iptvalsana.com\/?page_id=16"},"modified":"2026-03-18T19:31:46","modified_gmt":"2026-03-18T19:31:46","slug":"ip-tv-paketleri","status":"publish","type":"page","link":"https:\/\/iptvalsana.com.tr\/?page_id=16","title":{"rendered":"IPTV Paketleri ve G\u00fcncel Fiyatlar"},"content":{"rendered":"\t\t<div data-elementor-type=\"wp-page\" data-elementor-id=\"16\" class=\"elementor elementor-16\" data-elementor-settings=\"{&quot;ha_cmc_init_switcher&quot;:&quot;no&quot;}\">\n\t\t\t\t\t\t<section class=\"has_eae_slider elementor-section elementor-top-section elementor-element elementor-element-4646e5a elementor-section-boxed elementor-section-height-default elementor-section-height-default\" data-eae-slider=\"38173\" data-id=\"4646e5a\" data-element_type=\"section\" data-e-type=\"section\" data-settings=\"{&quot;_ha_eqh_enable&quot;:false}\">\n\t\t\t\t\t\t<div class=\"elementor-container elementor-column-gap-default\">\n\t\t\t\t\t<div class=\"has_eae_slider elementor-column elementor-col-100 elementor-top-column elementor-element elementor-element-41a5adc\" data-eae-slider=\"39112\" data-id=\"41a5adc\" data-element_type=\"column\" data-e-type=\"column\">\n\t\t\t<div class=\"elementor-widget-wrap elementor-element-populated\">\n\t\t\t\t\t\t<div class=\"elementor-element elementor-element-3dc68ce elementor-widget elementor-widget-heading\" data-id=\"3dc68ce\" data-element_type=\"widget\" data-e-type=\"widget\" data-widget_type=\"heading.default\">\n\t\t\t\t<div class=\"elementor-widget-container\">\n\t\t\t\t\t<h2 class=\"elementor-heading-title elementor-size-default\">ize en uygun IPTV paketini se\u00e7in, an\u0131nda aktif edin ve kesintisiz yay\u0131n keyfini hemen ya\u015famaya ba\u015flay\u0131n.<\/h2>\t\t\t\t<\/div>\n\t\t\t\t<\/div>\n\t\t\t\t\t<\/div>\n\t\t<\/div>\n\t\t\t\t\t<\/div>\n\t\t<\/section>\n\t\t\t\t<section class=\"has_eae_slider elementor-section elementor-top-section elementor-element elementor-element-647099b elementor-section-boxed elementor-section-height-default elementor-section-height-default\" data-eae-slider=\"96138\" data-id=\"647099b\" data-element_type=\"section\" data-e-type=\"section\" data-settings=\"{&quot;_ha_eqh_enable&quot;:false}\">\n\t\t\t\t\t\t<div class=\"elementor-container elementor-column-gap-default\">\n\t\t\t\t\t<div class=\"has_eae_slider elementor-column elementor-col-100 elementor-top-column elementor-element elementor-element-2ac3ff2\" data-eae-slider=\"91437\" data-id=\"2ac3ff2\" data-element_type=\"column\" data-e-type=\"column\">\n\t\t\t<div class=\"elementor-widget-wrap elementor-element-populated\">\n\t\t\t\t\t\t<div class=\"elementor-element elementor-element-72d6bcb elementor-widget elementor-widget-text-editor\" data-id=\"72d6bcb\" data-element_type=\"widget\" data-e-type=\"widget\" data-widget_type=\"text-editor.default\">\n\t\t\t\t<div class=\"elementor-widget-container\">\n\t\t\t\t\t\t\t\t\t<h5>T\u00fcm paketlerimizde y\u00fcksek performansl\u0131 sunucu altyap\u0131s\u0131 sayesinde donma ve tak\u0131lma ya\u015famadan izleme deneyimi sunuyoruz.<br data-start=\"683\" data-end=\"686\" \/>Kurulum kolayd\u0131r ve sat\u0131n alma sonras\u0131 an\u0131nda aktivasyon sa\u011flan\u0131r.<br data-start=\"754\" data-end=\"757\" \/>\u0130sterseniz sat\u0131n almadan \u00f6nce \u00fccretsiz test talep ederek hizmet kalitemizi deneyebilirsiniz.<\/h5>\t\t\t\t\t\t\t\t<\/div>\n\t\t\t\t<\/div>\n\t\t\t\t<div class=\"elementor-element elementor-element-4cee329 elementor-widget elementor-widget-text-editor\" data-id=\"4cee329\" data-element_type=\"widget\" data-e-type=\"widget\" data-widget_type=\"text-editor.default\">\n\t\t\t\t<div class=\"elementor-widget-container\">\n\t\t\t\t\t\t\t\t\t<h6><strong>\u00a0An\u0131nda aktivasyon\u00a0 \u00a0&#8211;\u00a0 \u00a0<\/strong><strong>7\/24 destek\u00a0 \u00a0&#8211;\u00a0 \u00a0<\/strong><strong>HD &amp; 4K yay\u0131n\u00a0 \u00a0 &#8211;\u00a0 \u00a0<\/strong><strong>\u00dccretsiz test imkan\u0131<\/strong><\/h6>\t\t\t\t\t\t\t\t<\/div>\n\t\t\t\t<\/div>\n\t\t\t\t\t<\/div>\n\t\t<\/div>\n\t\t\t\t\t<\/div>\n\t\t<\/section>\n\t\t\t\t<section class=\"has_eae_slider elementor-section elementor-top-section elementor-element elementor-element-2e2f1c8 elementor-section-boxed elementor-section-height-default elementor-section-height-default\" data-eae-slider=\"64163\" data-id=\"2e2f1c8\" data-element_type=\"section\" data-e-type=\"section\" data-settings=\"{&quot;_ha_eqh_enable&quot;:false}\">\n\t\t\t\t\t\t<div class=\"elementor-container elementor-column-gap-default\">\n\t\t\t\t\t<div class=\"has_eae_slider elementor-column elementor-col-100 elementor-top-column elementor-element elementor-element-bc93ef1\" data-eae-slider=\"31140\" data-id=\"bc93ef1\" data-element_type=\"column\" data-e-type=\"column\">\n\t\t\t<div class=\"elementor-widget-wrap elementor-element-populated\">\n\t\t\t\t\t\t<section class=\"has_eae_slider elementor-section elementor-inner-section elementor-element elementor-element-a774730 elementor-section-boxed elementor-section-height-default elementor-section-height-default\" data-eae-slider=\"42776\" data-id=\"a774730\" data-element_type=\"section\" data-e-type=\"section\" data-settings=\"{&quot;_ha_eqh_enable&quot;:false}\">\n\t\t\t\t\t\t<div class=\"elementor-container elementor-column-gap-default\">\n\t\t\t\t\t<div class=\"has_eae_slider elementor-column elementor-col-25 elementor-inner-column elementor-element elementor-element-7418fe9\" data-eae-slider=\"59939\" data-id=\"7418fe9\" data-element_type=\"column\" data-e-type=\"column\">\n\t\t\t<div class=\"elementor-widget-wrap elementor-element-populated\">\n\t\t\t\t\t\t<div class=\"elementor-element elementor-element-94470f1 eae-pt-price-box-shape-circle elementor-widget elementor-widget-wts-pricetable\" data-id=\"94470f1\" data-element_type=\"widget\" data-e-type=\"widget\" data-widget_type=\"wts-pricetable.default\">\n\t\t\t\t<div class=\"elementor-widget-container\">\n\t\t\t\t\t\t\t<div class=\"wts-price-box-wrapper\">\n\t\t\t\t\t<div class=\"heading-wrapper\">\n\t\t\t<h2 class=\"eae-pt-heading\">12 AYLIK<\/h2>\n\t\t\t<h4 class=\"eae-pt-sub-heading\">T\u00dcRK\u0130YE SATI\u015eI<\/h4>\t\t\t<\/div>\n\t\t\t\t\t\t<div class=\"plan-price-block\">\n\t\t\t\t<div class=\"plan-price-shape\">\n\t\t\t\t\t<div class=\"plan-price-shape-inner\">\n\t\t\t\t\t\t\t\t\t\t\t\t\t<span class=\"price-text\">1750 TL<\/span>\n\t\t\t\t\t\t\n\t\t\t\t\t\t\t\t\t\t\t<\/div>\n\t\t\t\t<\/div>\n\t\t\t<\/div>\n\n\t\t\t\t\t\t<div class=\"plan-features-wrapper\">\n\t\t\t\t<ul class=\"eae-pt-feature-list\">\n\t\t\t\t\t\t\t\t\t\t\t<li class=\"\"><\/li>\n\t\t\t\t\t\t\t\t\t\t<\/ul>\n\t\t\t<\/div>\n\t\t\t\t\t\t<div class=\"eae-pt-button-wrapper\">\n\t\t\t\t<a class=\"eae-pt-action-button\" href=\"https:\/\/iyzi.link\/AG1mjg\" target=\"_blank\">\n\t\t\t\t\t<span >\n\t\t\t\t\t\t\t\t\t\t\t\t<span class=\"eae-pt-align-icon-left\">\n\t\t\t\t\t\t\t<i aria-hidden=\"true\" class=\"fa fa-shopping-cart\"><\/i>\t\t\t\t\t\t<\/span>\n\t\t\t\t\t\t\t\t\t\t\t\t<span class=\"elementor-button-text\">SATIN AL<\/span>\n\t\t\t\t\t<\/span>\n\t\t\t\t<\/a>\n\t\t\t<\/div>\n\t\t\t\t\t<\/div> <!-- close .wts-price-box-wrapper -->\n\t\t\t\t\t\t<\/div>\n\t\t\t\t<\/div>\n\t\t\t\t\t<\/div>\n\t\t<\/div>\n\t\t\t\t<div class=\"has_eae_slider elementor-column elementor-col-25 elementor-inner-column elementor-element elementor-element-501a505\" data-eae-slider=\"47825\" data-id=\"501a505\" data-element_type=\"column\" data-e-type=\"column\">\n\t\t\t<div class=\"elementor-widget-wrap elementor-element-populated\">\n\t\t\t\t\t\t<div class=\"elementor-element elementor-element-695ab4a eae-pt-price-box-shape-circle elementor-widget elementor-widget-wts-pricetable\" data-id=\"695ab4a\" data-element_type=\"widget\" data-e-type=\"widget\" data-widget_type=\"wts-pricetable.default\">\n\t\t\t\t<div class=\"elementor-widget-container\">\n\t\t\t\t\t\t\t<div class=\"wts-price-box-wrapper\">\n\t\t\t\t\t<div class=\"heading-wrapper\">\n\t\t\t<h3 class=\"eae-pt-heading\">12 AYLIK YURTDI\u015eI<\/h3>\n\t\t\t<h4 class=\"eae-pt-sub-heading\">AVRUPA SATI\u015eI<\/h4>\t\t\t<\/div>\n\t\t\t\t\t\t<div class=\"plan-price-block\">\n\t\t\t\t<div class=\"plan-price-shape\">\n\t\t\t\t\t<div class=\"plan-price-shape-inner\">\n\t\t\t\t\t\t\t\t\t\t\t\t\t<span class=\"price-text\">50 EURO<\/span>\n\t\t\t\t\t\t\n\t\t\t\t\t\t\t\t\t\t\t<\/div>\n\t\t\t\t<\/div>\n\t\t\t<\/div>\n\n\t\t\t\t\t\t<div class=\"plan-features-wrapper\">\n\t\t\t\t<ul class=\"eae-pt-feature-list\">\n\t\t\t\t\t\t\t\t\t\t\t<li class=\"\"><\/li>\n\t\t\t\t\t\t\t\t\t\t<\/ul>\n\t\t\t<\/div>\n\t\t\t\t\t\t<div class=\"eae-pt-button-wrapper\">\n\t\t\t\t<a class=\"eae-pt-action-button\" href=\"https:\/\/iyzi.link\/AHHDiw\" target=\"_blank\">\n\t\t\t\t\t<span >\n\t\t\t\t\t\t\t\t\t\t\t\t<span class=\"eae-pt-align-icon-left\">\n\t\t\t\t\t\t\t<i aria-hidden=\"true\" class=\"fa fa-shopping-cart\"><\/i>\t\t\t\t\t\t<\/span>\n\t\t\t\t\t\t\t\t\t\t\t\t<span class=\"elementor-button-text\">SATIN AL<\/span>\n\t\t\t\t\t<\/span>\n\t\t\t\t<\/a>\n\t\t\t<\/div>\n\t\t\t\t\t<\/div> <!-- close .wts-price-box-wrapper -->\n\t\t\t\t\t\t<\/div>\n\t\t\t\t<\/div>\n\t\t\t\t\t<\/div>\n\t\t<\/div>\n\t\t\t\t<div class=\"has_eae_slider elementor-column elementor-col-25 elementor-inner-column elementor-element elementor-element-987f821\" data-eae-slider=\"31600\" data-id=\"987f821\" data-element_type=\"column\" data-e-type=\"column\">\n\t\t\t<div class=\"elementor-widget-wrap elementor-element-populated\">\n\t\t\t\t\t\t<div class=\"elementor-element elementor-element-0644668 eae-pt-price-box-shape-circle elementor-widget elementor-widget-wts-pricetable\" data-id=\"0644668\" data-element_type=\"widget\" data-e-type=\"widget\" data-widget_type=\"wts-pricetable.default\">\n\t\t\t\t<div class=\"elementor-widget-container\">\n\t\t\t\t\t\t\t<div class=\"wts-price-box-wrapper\">\n\t\t\t\t\t<div class=\"heading-wrapper\">\n\t\t\t<h2 class=\"eae-pt-heading\">24 AYLIK<\/h2>\n\t\t\t<h4 class=\"eae-pt-sub-heading\">T\u00dcRK\u0130YE SATI\u015eI<\/h4>\t\t\t<\/div>\n\t\t\t\t\t\t<div class=\"plan-price-block\">\n\t\t\t\t<div class=\"plan-price-shape\">\n\t\t\t\t\t<div class=\"plan-price-shape-inner\">\n\t\t\t\t\t\t\t\t\t\t\t\t\t<span class=\"price-text\">3000 TL<\/span>\n\t\t\t\t\t\t\n\t\t\t\t\t\t\t\t\t\t\t<\/div>\n\t\t\t\t<\/div>\n\t\t\t<\/div>\n\n\t\t\t\t\t\t<div class=\"plan-features-wrapper\">\n\t\t\t\t<ul class=\"eae-pt-feature-list\">\n\t\t\t\t\t\t\t\t\t\t\t<li class=\"\"><\/li>\n\t\t\t\t\t\t\t\t\t\t<\/ul>\n\t\t\t<\/div>\n\t\t\t\t\t\t<div class=\"eae-pt-button-wrapper\">\n\t\t\t\t<a class=\"eae-pt-action-button\" href=\"https:\/\/iyzi.link\/AG1mog\" target=\"_blank\">\n\t\t\t\t\t<span >\n\t\t\t\t\t\t\t\t\t\t\t\t<span class=\"eae-pt-align-icon-left\">\n\t\t\t\t\t\t\t<i aria-hidden=\"true\" class=\"fa fa-shopping-cart\"><\/i>\t\t\t\t\t\t<\/span>\n\t\t\t\t\t\t\t\t\t\t\t\t<span class=\"elementor-button-text\">SATIN AL<\/span>\n\t\t\t\t\t<\/span>\n\t\t\t\t<\/a>\n\t\t\t<\/div>\n\t\t\t\t\t<\/div> <!-- close .wts-price-box-wrapper -->\n\t\t\t\t\t\t<\/div>\n\t\t\t\t<\/div>\n\t\t\t\t\t<\/div>\n\t\t<\/div>\n\t\t\t\t<div class=\"has_eae_slider elementor-column elementor-col-25 elementor-inner-column elementor-element elementor-element-a0659bf\" data-eae-slider=\"31495\" data-id=\"a0659bf\" data-element_type=\"column\" data-e-type=\"column\">\n\t\t\t<div class=\"elementor-widget-wrap elementor-element-populated\">\n\t\t\t\t\t\t<div class=\"elementor-element elementor-element-2b0b983 eae-pt-price-box-shape-circle elementor-widget elementor-widget-wts-pricetable\" data-id=\"2b0b983\" data-element_type=\"widget\" data-e-type=\"widget\" data-widget_type=\"wts-pricetable.default\">\n\t\t\t\t<div class=\"elementor-widget-container\">\n\t\t\t\t\t\t\t<div class=\"wts-price-box-wrapper\">\n\t\t\t\t\t<div class=\"heading-wrapper\">\n\t\t\t<h3 class=\"eae-pt-heading\">24 AYLIK YURTDI\u015eI<\/h3>\n\t\t\t<h4 class=\"eae-pt-sub-heading\">AVRUPA SATI\u015eI<\/h4>\t\t\t<\/div>\n\t\t\t\t\t\t<div class=\"plan-price-block\">\n\t\t\t\t<div class=\"plan-price-shape\">\n\t\t\t\t\t<div class=\"plan-price-shape-inner\">\n\t\t\t\t\t\t\t\t\t\t\t\t\t<span class=\"price-text\">80 EURO<\/span>\n\t\t\t\t\t\t\n\t\t\t\t\t\t\t\t\t\t\t<\/div>\n\t\t\t\t<\/div>\n\t\t\t<\/div>\n\n\t\t\t\t\t\t<div class=\"plan-features-wrapper\">\n\t\t\t\t<ul class=\"eae-pt-feature-list\">\n\t\t\t\t\t\t\t\t\t\t\t<li class=\"\"><\/li>\n\t\t\t\t\t\t\t\t\t\t<\/ul>\n\t\t\t<\/div>\n\t\t\t\t\t\t<div class=\"eae-pt-button-wrapper\">\n\t\t\t\t<a class=\"eae-pt-action-button\" href=\"https:\/\/iyzi.link\/AImteA\" target=\"_blank\">\n\t\t\t\t\t<span >\n\t\t\t\t\t\t\t\t\t\t\t\t<span class=\"eae-pt-align-icon-left\">\n\t\t\t\t\t\t\t<i aria-hidden=\"true\" class=\"fa fa-shopping-cart\"><\/i>\t\t\t\t\t\t<\/span>\n\t\t\t\t\t\t\t\t\t\t\t\t<span class=\"elementor-button-text\">SATIN AL<\/span>\n\t\t\t\t\t<\/span>\n\t\t\t\t<\/a>\n\t\t\t<\/div>\n\t\t\t\t\t<\/div> <!-- close .wts-price-box-wrapper -->\n\t\t\t\t\t\t<\/div>\n\t\t\t\t<\/div>\n\t\t\t\t\t<\/div>\n\t\t<\/div>\n\t\t\t\t\t<\/div>\n\t\t<\/section>\n\t\t\t\t\t<\/div>\n\t\t<\/div>\n\t\t\t\t\t<\/div>\n\t\t<\/section>\n\t\t\t\t<\/div>\n\t\t","protected":false},"excerpt":{"rendered":"<p>ize en uygun IPTV paketini se\u00e7in, an\u0131nda aktif edin ve kesintisiz yay\u0131n keyfini hemen ya\u015famaya ba\u015flay\u0131n. T\u00fcm paketlerimizde y\u00fcksek performansl\u0131 sunucu altyap\u0131s\u0131 sayesinde donma ve tak\u0131lma ya\u015famadan izleme deneyimi sunuyoruz.Kurulum kolayd\u0131r ve sat\u0131n alma sonras\u0131 an\u0131nda aktivasyon sa\u011flan\u0131r.\u0130sterseniz sat\u0131n almadan \u00f6nce \u00fccretsiz test talep ederek hizmet kalitemizi deneyebilirsiniz. \u00a0An\u0131nda aktivasyon\u00a0 \u00a0&#8211;\u00a0 \u00a07\/24 destek\u00a0 \u00a0&#8211;\u00a0 \u00a0HD [&hellip;]<\/p>\n","protected":false},"author":3,"featured_media":0,"parent":0,"menu_order":0,"comment_status":"closed","ping_status":"closed","template":"","meta":{"site-sidebar-layout":"no-sidebar","site-content-layout":"page-builder","ast-site-content-layout":"default","site-content-style":"default","site-sidebar-style":"default","ast-global-header-display":"","ast-banner-title-visibility":"","ast-main-header-display":"","ast-hfb-above-header-display":"","ast-hfb-below-header-display":"","ast-hfb-mobile-header-display":"","site-post-title":"","ast-breadcrumbs-content":"","ast-featured-img":"disabled","footer-sml-layout":"","theme-transparent-header-meta":"default","adv-header-id-meta":"","stick-header-meta":"","header-above-stick-meta":"","header-main-stick-meta":"","header-below-stick-meta":"","astra-migrate-meta-layouts":"default","ast-page-background-enabled":"default","ast-page-background-meta":{"desktop":{"background-color":"","background-image":"","background-repeat":"repeat","background-position":"center center","background-size":"auto","background-attachment":"scroll","background-type":"","background-media":"","overlay-type":"","overlay-color":"","overlay-opacity":"","overlay-gradient":""},"tablet":{"background-color":"","background-image":"","background-repeat":"repeat","background-position":"center center","background-size":"auto","background-attachment":"scroll","background-type":"","background-media":"","overlay-type":"","overlay-color":"","overlay-opacity":"","overlay-gradient":""},"mobile":{"background-color":"","background-image":"","background-repeat":"repeat","background-position":"center center","background-size":"auto","background-attachment":"scroll","background-type":"","background-media":"","overlay-type":"","overlay-color":"","overlay-opacity":"","overlay-gradient":""}},"ast-content-background-meta":{"desktop":{"background-color":"var(--ast-global-color-5)","background-image":"","background-repeat":"repeat","background-position":"center center","background-size":"auto","background-attachment":"scroll","background-type":"","background-media":"","overlay-type":"","overlay-color":"","overlay-opacity":"","overlay-gradient":""},"tablet":{"background-color":"var(--ast-global-color-5)","background-image":"","background-repeat":"repeat","background-position":"center center","background-size":"auto","background-attachment":"scroll","background-type":"","background-media":"","overlay-type":"","overlay-color":"","overlay-opacity":"","overlay-gradient":""},"mobile":{"background-color":"var(--ast-global-color-5)","background-image":"","background-repeat":"repeat","background-position":"center center","background-size":"auto","background-attachment":"scroll","background-type":"","background-media":"","overlay-type":"","overlay-color":"","overlay-opacity":"","overlay-gradient":""}},"footnotes":""},"class_list":["post-16","page","type-page","status-publish","hentry"],"_links":{"self":[{"href":"https:\/\/iptvalsana.com.tr\/index.php?rest_route=\/wp\/v2\/pages\/16","targetHints":{"allow":["GET"]}}],"collection":[{"href":"https:\/\/iptvalsana.com.tr\/index.php?rest_route=\/wp\/v2\/pages"}],"about":[{"href":"https:\/\/iptvalsana.com.tr\/index.php?rest_route=\/wp\/v2\/types\/page"}],"author":[{"embeddable":true,"href":"https:\/\/iptvalsana.com.tr\/index.php?rest_route=\/wp\/v2\/users\/3"}],"replies":[{"embeddable":true,"href":"https:\/\/iptvalsana.com.tr\/index.php?rest_route=%2Fwp%2Fv2%2Fcomments&post=16"}],"version-history":[{"count":118,"href":"https:\/\/iptvalsana.com.tr\/index.php?rest_route=\/wp\/v2\/pages\/16\/revisions"}],"predecessor-version":[{"id":529,"href":"https:\/\/iptvalsana.com.tr\/index.php?rest_route=\/wp\/v2\/pages\/16\/revisions\/529"}],"wp:attachment":[{"href":"https:\/\/iptvalsana.com.tr\/index.php?rest_route=%2Fwp%2Fv2%2Fmedia&parent=16"}],"curies":[{"name":"wp","href":"https:\/\/api.w.org\/{rel}","templated":true}]}}